{"id":1719,"date":"2021-06-14T16:13:25","date_gmt":"2021-06-14T16:13:25","guid":{"rendered":"https:\/\/stillnessinmovement.org\/?page_id=1719"},"modified":"2021-06-17T19:36:51","modified_gmt":"2021-06-17T19:36:51","slug":"testimonials","status":"publish","type":"page","link":"https:\/\/stillnessinmovement.org\/hr\/testimonials\/","title":{"rendered":"Preporuke"},"content":{"rendered":"<div data-elementor-type=\"wp-page\" data-elementor-id=\"1719\" class=\"elementor elementor-1719\">\n\t\t\t\t\t\t<section class=\"elementor-section elementor-top-section elementor-element elementor-element-38cd67e elementor-section-content-middle elementor-section-boxed elementor-section-height-default elementor-section-height-default\" data-id=\"38cd67e\" data-element_type=\"section\" data-e-type=\"section\" data-settings=\"{&quot;background_background&quot;:&quot;classic&quot;}\">\n\t\t\t\t\t\t\t<div class=\"elementor-background-overlay\"><\/div>\n\t\t\t\t\t\t\t<div class=\"elementor-container elementor-column-gap-no\">\n\t\t\t\t\t<div class=\"elementor-column elementor-col-100 elementor-top-column elementor-element elementor-element-fe11a83\" data-id=\"fe11a83\" data-element_type=\"column\" data-e-type=\"column\">\n\t\t\t<div class=\"elementor-widget-wrap\">\n\t\t\t\t\t\t\t<\/div>\n\t\t<\/div>\n\t\t\t\t\t<\/div>\n\t\t<\/section>\n\t\t\t\t<section class=\"elementor-section elementor-top-section elementor-element elementor-element-b301ba3 elementor-section-boxed elementor-section-height-default elementor-section-height-default\" data-id=\"b301ba3\" data-element_type=\"section\" data-e-type=\"section\">\n\t\t\t\t\t\t<div class=\"elementor-container elementor-column-gap-default\">\n\t\t\t\t\t<div class=\"elementor-column elementor-col-100 elementor-top-column elementor-element elementor-element-d06a380\" data-id=\"d06a380\" data-element_type=\"column\" data-e-type=\"column\">\n\t\t\t<div class=\"elementor-widget-wrap elementor-element-populated\">\n\t\t\t\t\t\t<div class=\"elementor-element elementor-element-31d978a bsItalic elementor-widget elementor-widget-text-editor\" data-id=\"31d978a\" data-element_type=\"widget\" data-e-type=\"widget\" data-widget_type=\"text-editor.default\">\n\t\t\t\t<div class=\"elementor-widget-container\">\n\t\t\t\t\t\t\t\t\t<p>Rado i s povjerenjem preporu\u010dim Jele za tretmane na konjima, ljudima i psima. I sama idem k njoj na tretmane. Jele shiatsu radi s posve\u0107eno\u0161\u0107u i u dobroj namjeri, s punim po\u0161tovanjem prema primatelju i podr\u0161kom za njega. Predana je prou\u010davanju i produbljivanju znanja pa se kontinuirano dodatno educira. Istovremeno razli\u010ditim tehnikama radi na sebi \u0161to je sve zajedno \u010dini izvrsnom shiatsu prakti\u010darkom. Najve\u0107e zadovoljstvo u\u010ditelja je kada ga njegov u\u010denik nadma\u0161i! :)<\/p>\t\t\t\t\t\t\t\t<\/div>\n\t\t\t\t<\/div>\n\t\t\t\t<div class=\"elementor-element elementor-element-28697f9 bsLight elementor-widget elementor-widget-heading\" data-id=\"28697f9\" data-element_type=\"widget\" data-e-type=\"widget\" data-widget_type=\"heading.default\">\n\t\t\t\t<div class=\"elementor-widget-container\">\n\t\t\t\t\t<p class=\"elementor-heading-title elementor-size-default\">Vedrana Iv\u010devi\u0107,\u200b The School of Equine Shiatsu, vi\u0161i predava\u010d\u200b<\/p>\t\t\t\t<\/div>\n\t\t\t\t<\/div>\n\t\t\t\t\t<\/div>\n\t\t<\/div>\n\t\t\t\t\t<\/div>\n\t\t<\/section>\n\t\t\t\t<section class=\"elementor-section elementor-top-section elementor-element elementor-element-893129d elementor-section-boxed elementor-section-height-default elementor-section-height-default\" data-id=\"893129d\" data-element_type=\"section\" data-e-type=\"section\">\n\t\t\t\t\t\t<div class=\"elementor-container elementor-column-gap-default\">\n\t\t\t\t\t<div class=\"elementor-column elementor-col-100 elementor-top-column elementor-element elementor-element-511c735\" data-id=\"511c735\" data-element_type=\"column\" data-e-type=\"column\">\n\t\t\t<div class=\"elementor-widget-wrap elementor-element-populated\">\n\t\t\t\t\t\t<div class=\"elementor-element elementor-element-057679c bsItalic elementor-widget elementor-widget-text-editor\" data-id=\"057679c\" data-element_type=\"widget\" data-e-type=\"widget\" data-widget_type=\"text-editor.default\">\n\t\t\t\t<div class=\"elementor-widget-container\">\n\t\t\t\t\t\t\t\t\t<p>S Jele sura\u0111ujem od 2015. godine, u vrijeme dok je jo\u0161 bila studentica \u0160kole za Shiatsu za konje. Veliko mi je zadovoljstvo sura\u0111ivati s ljudima koji su spremni i otvoreni ulo\u017eiti u napredovanje\/pro\u0161irenje svog znanja i vje\u0161tine. A Jele to je\u2026 pro\u0161le smo velik niz problema i razli\u010ditih konja. Uvijek sam Jele smatrala \u010dlanom svog tima \u010diji je glavni cilj uvijek bio dobrobit konja. Sportski trening ima velik utjecaj na tijelo i \u201cglavu\u201c konja. Shiatsu mi je pomogao da dobijem jo\u0161 bolji uvid u potrebe konja i proces treniranja.<\/p>\t\t\t\t\t\t\t\t<\/div>\n\t\t\t\t<\/div>\n\t\t\t\t<div class=\"elementor-element elementor-element-be61ab5 bsLight elementor-widget elementor-widget-heading\" data-id=\"be61ab5\" data-element_type=\"widget\" data-e-type=\"widget\" data-widget_type=\"heading.default\">\n\t\t\t\t<div class=\"elementor-widget-container\">\n\t\t\t\t\t<p class=\"elementor-heading-title elementor-size-default\">Gordana Pavi\u0107, profesionalna jaha\u010dica, trenerica (FEI 1-3), kiroprakti\u010darka za konje<\/p>\t\t\t\t<\/div>\n\t\t\t\t<\/div>\n\t\t\t\t\t<\/div>\n\t\t<\/div>\n\t\t\t\t\t<\/div>\n\t\t<\/section>\n\t\t\t\t<section class=\"elementor-section elementor-top-section elementor-element elementor-element-65f3015 elementor-section-boxed elementor-section-height-default elementor-section-height-default\" data-id=\"65f3015\" data-element_type=\"section\" data-e-type=\"section\">\n\t\t\t\t\t\t<div class=\"elementor-container elementor-column-gap-default\">\n\t\t\t\t\t<div class=\"elementor-column elementor-col-100 elementor-top-column elementor-element elementor-element-5d2d233\" data-id=\"5d2d233\" data-element_type=\"column\" data-e-type=\"column\">\n\t\t\t<div class=\"elementor-widget-wrap elementor-element-populated\">\n\t\t\t\t\t\t<div class=\"elementor-element elementor-element-f5f1020 bsItalic elementor-widget elementor-widget-text-editor\" data-id=\"f5f1020\" data-element_type=\"widget\" data-e-type=\"widget\" data-widget_type=\"text-editor.default\">\n\t\t\t\t<div class=\"elementor-widget-container\">\n\t\t\t\t\t\t\t\t\t<p class=\"translation-block\">Na shiatsu tretmane kod Jele idem od 2017. godine. Jelini tretmani pomogli su mi da vi\u0161e osvijestim poruke svog tijela i energiju u meni i oko mene.\nTako\u0111er su pomogli mom tijelu da otpusti napetosti te sam tako mogla bolje procesuirati kompleksne emotivne i mentalne \u201c\u010depove\u201d u sebi.\nMoji konji Lino i Bowie tako\u0111er su Jelini redoviti klijenti te vidim koliko im to pa\u0161e i poma\u017ee. Linu naro\u010dito poma\u017ee s njegovom anksioznosti i zabrinuto\u0161\u0107u, a Bowieju s tjelesnim i emotivnim napetostima. Uz to \u0161to Jele ima senzibilnost i znanje njezin feedback mo\u017ee pomo\u0107i svakome da dobije druga\u010diji uvid i razumijevanje toga \u0161to se doga\u0111a bilo da se radi o \u010dovjeku ili \u017eivotinji.<\/p>\t\t\t\t\t\t\t\t<\/div>\n\t\t\t\t<\/div>\n\t\t\t\t<div class=\"elementor-element elementor-element-9d26945 bsLight elementor-widget elementor-widget-heading\" data-id=\"9d26945\" data-element_type=\"widget\" data-e-type=\"widget\" data-widget_type=\"heading.default\">\n\t\t\t\t<div class=\"elementor-widget-container\">\n\t\t\t\t\t<p class=\"elementor-heading-title elementor-size-default\">Maja \u017divanovi\u0107, Projekt Jednorog - holisti\u010dke metode rada s konjima<\/p>\t\t\t\t<\/div>\n\t\t\t\t<\/div>\n\t\t\t\t\t<\/div>\n\t\t<\/div>\n\t\t\t\t\t<\/div>\n\t\t<\/section>\n\t\t\t\t<section class=\"elementor-section elementor-top-section elementor-element elementor-element-57e2710 elementor-section-boxed elementor-section-height-default elementor-section-height-default\" data-id=\"57e2710\" data-element_type=\"section\" data-e-type=\"section\">\n\t\t\t\t\t\t<div class=\"elementor-container elementor-column-gap-default\">\n\t\t\t\t\t<div class=\"elementor-column elementor-col-100 elementor-top-column elementor-element elementor-element-fa1d695\" data-id=\"fa1d695\" data-element_type=\"column\" data-e-type=\"column\">\n\t\t\t<div class=\"elementor-widget-wrap elementor-element-populated\">\n\t\t\t\t\t\t<div class=\"elementor-element elementor-element-10640cd elementor-widget elementor-widget-image\" data-id=\"10640cd\" data-element_type=\"widget\" data-e-type=\"widget\" data-widget_type=\"image.default\">\n\t\t\t\t<div class=\"elementor-widget-container\">\n\t\t\t\t\t\t\t\t\t\t\t\t\t\t\t<img fetchpriority=\"high\" decoding=\"async\" width=\"300\" height=\"225\" src=\"https:\/\/stillnessinmovement.org\/wp-content\/uploads\/2021\/06\/Strujica-i-shiatzu-300x225.jpg\" class=\"attachment-medium size-medium wp-image-1921\" alt=\"\" srcset=\"https:\/\/stillnessinmovement.org\/wp-content\/uploads\/2021\/06\/Strujica-i-shiatzu-300x225.jpg 300w, https:\/\/stillnessinmovement.org\/wp-content\/uploads\/2021\/06\/Strujica-i-shiatzu-768x576.jpg 768w, https:\/\/stillnessinmovement.org\/wp-content\/uploads\/2021\/06\/Strujica-i-shiatzu-16x12.jpg 16w, https:\/\/stillnessinmovement.org\/wp-content\/uploads\/2021\/06\/Strujica-i-shiatzu.jpg 798w\" sizes=\"(max-width: 300px) 100vw, 300px\" \/>\t\t\t\t\t\t\t\t\t\t\t\t\t\t\t<\/div>\n\t\t\t\t<\/div>\n\t\t\t\t<div class=\"elementor-element elementor-element-75592e9 bsItalic elementor-widget elementor-widget-text-editor\" data-id=\"75592e9\" data-element_type=\"widget\" data-e-type=\"widget\" data-widget_type=\"text-editor.default\">\n\t\t\t\t<div class=\"elementor-widget-container\">\n\t\t\t\t\t\t\t\t\t<p>Kada je Strujica do\u0161ao u ruke sada\u0161njih vlasnika, bio je osmogodi\u0161nji pastuh lipicanske pasmine koji je zapao u za\u010darani krug lo\u0161ih navika. Zbog mladena\u010dke energije u kombinaciji s pastu\u0161kim hormonima, postao je sve nezgodniji za \u201erukovanje\u201c. \u0160to je te\u017ee bilo s njim rukovati, manje je napu\u0161tao boks\u2026 a \u0161to je manje napu\u0161tao boks, ta kaoti\u010dna energija se (jasno) gomilala. Taj za\u010darani krug naposljetku je dogurao tako daleko da Strujica uop\u0107e nije napu\u0161tao boks. Postao je jednostavno preopasan. Nakon promjene vlasnika, kastracije i redovnog re\u017eima izvo\u0111enja u ispust, Strujica se polako po\u010deo opu\u0161tati i dopu\u0161tati ljudima da mu prilaze. No Strujica i dalje nije vidio ni\u0161ta pozitivno i nikako nije u\u017eivao u ljudskom dodiru, \u0161to je naro\u010dito bilo izra\u017eeno u predjelu zadnjih nogu, koje je energi\u010dno branio od bilo kakvih dodira. U prvih nekoliko Shiatsu tretmana , Strujica je u\u017eivao isto kao i u svim dodirima do tad \u2013 ni malo! Jele je trebala raditi velikom brzinom i s velikim oprezom, da Strujici ne dosadi, ali i da ne napravi (po njemu) neki krivi potez. Zaista je djelovalo te\u0161ko i bez pomaka. No nakon otprilike petog tretmana, sve ono \u0161to smo mislili da nikako ne dopire do Strujice, najednom je ipak iza\u0161lo na vidjelo. Strujica je dopustio Jele, jednog lijepog sun\u010danog dana, da dotakne svaki komadi\u0107ak njegovog tijela i pritom tijekom cijelog tretmana ostao miran \u2013 \u0161to je do tada bilo potpuno nezamislivo. Ovakve su pojave u svakodnevnom radu sa Strujicom postale sve u\u010destalije, dok jednog dana (a ne znamo ni sami kada), ovakvo Stujekovo pona\u0161anje nije postalo standard. Strujica je danas konji\u0107 koji mo\u017ee i zna sve, a svi smo posebno ponosni na to da ba\u0161 Jelin sin svoje prve jaha\u010de korake radi na Strujici. Uz uporan rad, Strujica je postao \u201eposlu\u0161an\u201c konj, no shiatzu tretmani su mu dopustili da iska\u017ee jasno sve svoje emocije te su napravili kanal kojim je Strujica krenuo komunicirati s ljudima. Danas Strujica u\u017eiva u tretmanima nekoliko puta godi\u0161nje, u kojima uz ugodu koju mu evidentno stvaraju, ima mogu\u0107nost iskomunicirati i eventualne fizi\u010dke nelagode u svome tijelu.<\/p>\t\t\t\t\t\t\t\t<\/div>\n\t\t\t\t<\/div>\n\t\t\t\t<div class=\"elementor-element elementor-element-3b36e93 bsLight elementor-widget elementor-widget-heading\" data-id=\"3b36e93\" data-element_type=\"widget\" data-e-type=\"widget\" data-widget_type=\"heading.default\">\n\t\t\t\t<div class=\"elementor-widget-container\">\n\t\t\t\t\t<p class=\"elementor-heading-title elementor-size-default\">Ivana Pozojevi\u0107, owner of the Lipi Cavallo Ranch<\/p>\t\t\t\t<\/div>\n\t\t\t\t<\/div>\n\t\t\t\t\t<\/div>\n\t\t<\/div>\n\t\t\t\t\t<\/div>\n\t\t<\/section>\n\t\t\t\t<\/div>","protected":false},"excerpt":{"rendered":"<p>I gladly and confidently recommend Jele for treatments on horses, humans, and dogs. I go to her for treatments myself. In her treatments she works with dedication and good intentions, with full respect and support for the recipient. She is dedicated to her work and to broadening her knowledge, so she is continuously seeking further&hellip;&nbsp;<a href=\"https:\/\/stillnessinmovement.org\/hr\/testimonials\/\" rel=\"bookmark\">Read More &raquo;<span class=\"screen-reader-text\">Preporuke<\/span><\/a><\/p>","protected":false},"author":2,"featured_media":0,"parent":0,"menu_order":0,"comment_status":"closed","ping_status":"closed","template":"elementor_header_footer","meta":{"neve_meta_sidebar":"","neve_meta_container":"","neve_meta_enable_content_width":"","neve_meta_content_width":0,"neve_meta_title_alignment":"","neve_meta_author_avatar":"","neve_post_elements_order":"","neve_meta_disable_header":"","neve_meta_disable_footer":"","neve_meta_disable_title":"","footnotes":""},"class_list":["post-1719","page","type-page","status-publish","hentry"],"yoast_head":"<!-- This site is optimized with the Yoast SEO plugin v27.5 - https:\/\/yoast.com\/product\/yoast-seo-wordpress\/ -->\n<title>Testimonials - Stillness in movement<\/title>\n<meta name=\"description\" content=\"Page with the testimonials and recommendations from my clients\" \/>\n<meta name=\"robots\" content=\"index, follow, max-snippet:-1, max-image-preview:large, max-video-preview:-1\" \/>\n<link rel=\"canonical\" href=\"https:\/\/stillnessinmovement.org\/hr\/testimonials\/\" \/>\n<meta property=\"og:locale\" content=\"hr_HR\" \/>\n<meta property=\"og:type\" content=\"article\" \/>\n<meta property=\"og:title\" content=\"Testimonials - Stillness in movement\" \/>\n<meta property=\"og:description\" content=\"Page with the testimonials and recommendations from my clients\" \/>\n<meta property=\"og:url\" content=\"https:\/\/stillnessinmovement.org\/hr\/testimonials\/\" \/>\n<meta property=\"og:site_name\" content=\"Stillness in movement\" \/>\n<meta property=\"article:modified_time\" content=\"2021-06-17T19:36:51+00:00\" \/>\n<meta property=\"og:image\" content=\"https:\/\/stillnessinmovement.org\/wp-content\/uploads\/2021\/06\/Strujica-i-shiatzu-300x225.jpg\" \/>\n<meta name=\"twitter:card\" content=\"summary_large_image\" \/>\n<meta name=\"twitter:label1\" content=\"Procijenjeno vrijeme \u010ditanja\" \/>\n\t<meta name=\"twitter:data1\" content=\"4 minute\" \/>\n<script type=\"application\/ld+json\" class=\"yoast-schema-graph\">{\"@context\":\"https:\\\/\\\/schema.org\",\"@graph\":[{\"@type\":\"WebPage\",\"@id\":\"https:\\\/\\\/stillnessinmovement.org\\\/testimonials\\\/\",\"url\":\"https:\\\/\\\/stillnessinmovement.org\\\/testimonials\\\/\",\"name\":\"Testimonials - Stillness in movement\",\"isPartOf\":{\"@id\":\"https:\\\/\\\/stillnessinmovement.org\\\/#website\"},\"primaryImageOfPage\":{\"@id\":\"https:\\\/\\\/stillnessinmovement.org\\\/testimonials\\\/#primaryimage\"},\"image\":{\"@id\":\"https:\\\/\\\/stillnessinmovement.org\\\/testimonials\\\/#primaryimage\"},\"thumbnailUrl\":\"https:\\\/\\\/stillnessinmovement.org\\\/wp-content\\\/uploads\\\/2021\\\/06\\\/Strujica-i-shiatzu-300x225.jpg\",\"datePublished\":\"2021-06-14T16:13:25+00:00\",\"dateModified\":\"2021-06-17T19:36:51+00:00\",\"description\":\"Page with the testimonials and recommendations from my clients\",\"breadcrumb\":{\"@id\":\"https:\\\/\\\/stillnessinmovement.org\\\/testimonials\\\/#breadcrumb\"},\"inLanguage\":\"hr\",\"potentialAction\":[{\"@type\":\"ReadAction\",\"target\":[\"https:\\\/\\\/stillnessinmovement.org\\\/testimonials\\\/\"]}]},{\"@type\":\"ImageObject\",\"inLanguage\":\"hr\",\"@id\":\"https:\\\/\\\/stillnessinmovement.org\\\/testimonials\\\/#primaryimage\",\"url\":\"https:\\\/\\\/stillnessinmovement.org\\\/wp-content\\\/uploads\\\/2021\\\/06\\\/Strujica-i-shiatzu-300x225.jpg\",\"contentUrl\":\"https:\\\/\\\/stillnessinmovement.org\\\/wp-content\\\/uploads\\\/2021\\\/06\\\/Strujica-i-shiatzu-300x225.jpg\"},{\"@type\":\"BreadcrumbList\",\"@id\":\"https:\\\/\\\/stillnessinmovement.org\\\/testimonials\\\/#breadcrumb\",\"itemListElement\":[{\"@type\":\"ListItem\",\"position\":1,\"name\":\"Home\",\"item\":\"https:\\\/\\\/stillnessinmovement.org\\\/\"},{\"@type\":\"ListItem\",\"position\":2,\"name\":\"Testimonials\"}]},{\"@type\":\"WebSite\",\"@id\":\"https:\\\/\\\/stillnessinmovement.org\\\/#website\",\"url\":\"https:\\\/\\\/stillnessinmovement.org\\\/\",\"name\":\"Stillness in movement\",\"description\":\"Shiatsu for horses, humans and dogs\",\"publisher\":{\"@id\":\"https:\\\/\\\/stillnessinmovement.org\\\/#organization\"},\"potentialAction\":[{\"@type\":\"SearchAction\",\"target\":{\"@type\":\"EntryPoint\",\"urlTemplate\":\"https:\\\/\\\/stillnessinmovement.org\\\/?s={search_term_string}\"},\"query-input\":{\"@type\":\"PropertyValueSpecification\",\"valueRequired\":true,\"valueName\":\"search_term_string\"}}],\"inLanguage\":\"hr\"},{\"@type\":\"Organization\",\"@id\":\"https:\\\/\\\/stillnessinmovement.org\\\/#organization\",\"name\":\"Stillness in movement\",\"url\":\"https:\\\/\\\/stillnessinmovement.org\\\/\",\"logo\":{\"@type\":\"ImageObject\",\"inLanguage\":\"hr\",\"@id\":\"https:\\\/\\\/stillnessinmovement.org\\\/#\\\/schema\\\/logo\\\/image\\\/\",\"url\":\"https:\\\/\\\/stillnessinmovement.org\\\/wp-content\\\/uploads\\\/2021\\\/06\\\/stillness_logo_white.png\",\"contentUrl\":\"https:\\\/\\\/stillnessinmovement.org\\\/wp-content\\\/uploads\\\/2021\\\/06\\\/stillness_logo_white.png\",\"width\":3506,\"height\":1211,\"caption\":\"Stillness in movement\"},\"image\":{\"@id\":\"https:\\\/\\\/stillnessinmovement.org\\\/#\\\/schema\\\/logo\\\/image\\\/\"}}]}<\/script>\n<!-- \/ Yoast SEO plugin. -->","yoast_head_json":{"title":"Testimonials - Stillness in movement","description":"Page with the testimonials and recommendations from my clients","robots":{"index":"index","follow":"follow","max-snippet":"max-snippet:-1","max-image-preview":"max-image-preview:large","max-video-preview":"max-video-preview:-1"},"canonical":"https:\/\/stillnessinmovement.org\/hr\/testimonials\/","og_locale":"hr_HR","og_type":"article","og_title":"Testimonials - Stillness in movement","og_description":"Page with the testimonials and recommendations from my clients","og_url":"https:\/\/stillnessinmovement.org\/hr\/testimonials\/","og_site_name":"Stillness in movement","article_modified_time":"2021-06-17T19:36:51+00:00","og_image":[{"url":"https:\/\/stillnessinmovement.org\/wp-content\/uploads\/2021\/06\/Strujica-i-shiatzu-300x225.jpg","type":"","width":"","height":""}],"twitter_card":"summary_large_image","twitter_misc":{"Procijenjeno vrijeme \u010ditanja":"4 minute"},"schema":{"@context":"https:\/\/schema.org","@graph":[{"@type":"WebPage","@id":"https:\/\/stillnessinmovement.org\/testimonials\/","url":"https:\/\/stillnessinmovement.org\/testimonials\/","name":"Testimonials - Stillness in movement","isPartOf":{"@id":"https:\/\/stillnessinmovement.org\/#website"},"primaryImageOfPage":{"@id":"https:\/\/stillnessinmovement.org\/testimonials\/#primaryimage"},"image":{"@id":"https:\/\/stillnessinmovement.org\/testimonials\/#primaryimage"},"thumbnailUrl":"https:\/\/stillnessinmovement.org\/wp-content\/uploads\/2021\/06\/Strujica-i-shiatzu-300x225.jpg","datePublished":"2021-06-14T16:13:25+00:00","dateModified":"2021-06-17T19:36:51+00:00","description":"Page with the testimonials and recommendations from my clients","breadcrumb":{"@id":"https:\/\/stillnessinmovement.org\/testimonials\/#breadcrumb"},"inLanguage":"hr","potentialAction":[{"@type":"ReadAction","target":["https:\/\/stillnessinmovement.org\/testimonials\/"]}]},{"@type":"ImageObject","inLanguage":"hr","@id":"https:\/\/stillnessinmovement.org\/testimonials\/#primaryimage","url":"https:\/\/stillnessinmovement.org\/wp-content\/uploads\/2021\/06\/Strujica-i-shiatzu-300x225.jpg","contentUrl":"https:\/\/stillnessinmovement.org\/wp-content\/uploads\/2021\/06\/Strujica-i-shiatzu-300x225.jpg"},{"@type":"BreadcrumbList","@id":"https:\/\/stillnessinmovement.org\/testimonials\/#breadcrumb","itemListElement":[{"@type":"ListItem","position":1,"name":"Home","item":"https:\/\/stillnessinmovement.org\/"},{"@type":"ListItem","position":2,"name":"Testimonials"}]},{"@type":"WebSite","@id":"https:\/\/stillnessinmovement.org\/#website","url":"https:\/\/stillnessinmovement.org\/","name":"Stillness in movement","description":"Shiatsu for horses, humans and dogs","publisher":{"@id":"https:\/\/stillnessinmovement.org\/#organization"},"potentialAction":[{"@type":"SearchAction","target":{"@type":"EntryPoint","urlTemplate":"https:\/\/stillnessinmovement.org\/?s={search_term_string}"},"query-input":{"@type":"PropertyValueSpecification","valueRequired":true,"valueName":"search_term_string"}}],"inLanguage":"hr"},{"@type":"Organization","@id":"https:\/\/stillnessinmovement.org\/#organization","name":"Stillness in movement","url":"https:\/\/stillnessinmovement.org\/","logo":{"@type":"ImageObject","inLanguage":"hr","@id":"https:\/\/stillnessinmovement.org\/#\/schema\/logo\/image\/","url":"https:\/\/stillnessinmovement.org\/wp-content\/uploads\/2021\/06\/stillness_logo_white.png","contentUrl":"https:\/\/stillnessinmovement.org\/wp-content\/uploads\/2021\/06\/stillness_logo_white.png","width":3506,"height":1211,"caption":"Stillness in movement"},"image":{"@id":"https:\/\/stillnessinmovement.org\/#\/schema\/logo\/image\/"}}]}},"_links":{"self":[{"href":"https:\/\/stillnessinmovement.org\/hr\/wp-json\/wp\/v2\/pages\/1719","targetHints":{"allow":["GET"]}}],"collection":[{"href":"https:\/\/stillnessinmovement.org\/hr\/wp-json\/wp\/v2\/pages"}],"about":[{"href":"https:\/\/stillnessinmovement.org\/hr\/wp-json\/wp\/v2\/types\/page"}],"author":[{"embeddable":true,"href":"https:\/\/stillnessinmovement.org\/hr\/wp-json\/wp\/v2\/users\/2"}],"replies":[{"embeddable":true,"href":"https:\/\/stillnessinmovement.org\/hr\/wp-json\/wp\/v2\/comments?post=1719"}],"version-history":[{"count":29,"href":"https:\/\/stillnessinmovement.org\/hr\/wp-json\/wp\/v2\/pages\/1719\/revisions"}],"predecessor-version":[{"id":2027,"href":"https:\/\/stillnessinmovement.org\/hr\/wp-json\/wp\/v2\/pages\/1719\/revisions\/2027"}],"wp:attachment":[{"href":"https:\/\/stillnessinmovement.org\/hr\/wp-json\/wp\/v2\/media?parent=1719"}],"curies":[{"name":"wp","href":"https:\/\/api.w.org\/{rel}","templated":true}]}}