{"id":1713,"date":"2021-06-14T16:11:45","date_gmt":"2021-06-14T16:11:45","guid":{"rendered":"https:\/\/stillnessinmovement.org\/?page_id=1713"},"modified":"2021-11-11T14:20:03","modified_gmt":"2021-11-11T14:20:03","slug":"home","status":"publish","type":"page","link":"https:\/\/stillnessinmovement.org\/hr\/","title":{"rendered":"Po\u010detna"},"content":{"rendered":"<div data-elementor-type=\"wp-post\" data-elementor-id=\"1713\" class=\"elementor elementor-1713\">\n\t\t\t\t\t\t<section class=\"elementor-section elementor-top-section elementor-element elementor-element-eb50902 elementor-section-boxed elementor-section-height-default elementor-section-height-default\" data-id=\"eb50902\" data-element_type=\"section\" data-e-type=\"section\">\n\t\t\t\t\t\t<div class=\"elementor-container elementor-column-gap-default\">\n\t\t\t\t\t<div class=\"elementor-column elementor-col-100 elementor-top-column elementor-element elementor-element-4914147\" data-id=\"4914147\" data-element_type=\"column\" data-e-type=\"column\">\n\t\t\t<div class=\"elementor-widget-wrap elementor-element-populated\">\n\t\t\t\t\t\t<div class=\"elementor-element elementor-element-66770b8 elementor-widget elementor-widget-shortcode\" data-id=\"66770b8\" data-element_type=\"widget\" data-e-type=\"widget\" data-widget_type=\"shortcode.default\">\n\t\t\t\t<div class=\"elementor-widget-container\">\n\t\t\t\t\t\t\t<div class=\"elementor-shortcode\">\n<\/div>\n\t\t\t\t\t\t<\/div>\n\t\t\t\t<\/div>\n\t\t\t\t\t<\/div>\n\t\t<\/div>\n\t\t\t\t\t<\/div>\n\t\t<\/section>\n\t\t\t\t<section class=\"elementor-section elementor-top-section elementor-element elementor-element-974c8e9 elementor-section-boxed elementor-section-height-default elementor-section-height-default\" data-id=\"974c8e9\" data-element_type=\"section\" data-e-type=\"section\">\n\t\t\t\t\t\t<div class=\"elementor-container elementor-column-gap-default\">\n\t\t\t\t\t<div class=\"elementor-column elementor-col-100 elementor-top-column elementor-element elementor-element-d30dc30\" data-id=\"d30dc30\" data-element_type=\"column\" data-e-type=\"column\">\n\t\t\t<div class=\"elementor-widget-wrap elementor-element-populated\">\n\t\t\t\t\t\t<div class=\"elementor-element elementor-element-4491146 elementor-widget elementor-widget-spacer\" data-id=\"4491146\" data-element_type=\"widget\" data-e-type=\"widget\" data-widget_type=\"spacer.default\">\n\t\t\t\t<div class=\"elementor-widget-container\">\n\t\t\t\t\t\t\t<div class=\"elementor-spacer\">\n\t\t\t<div class=\"elementor-spacer-inner\"><\/div>\n\t\t<\/div>\n\t\t\t\t\t\t<\/div>\n\t\t\t\t<\/div>\n\t\t\t\t<div class=\"elementor-element elementor-element-ee8b322 bsItalic elementor-widget elementor-widget-heading\" data-id=\"ee8b322\" data-element_type=\"widget\" data-e-type=\"widget\" data-widget_type=\"heading.default\">\n\t\t\t\t<div class=\"elementor-widget-container\">\n\t\t\t\t\t<h1 class=\"elementor-heading-title elementor-size-large\">inward tranquility in the midst of action<\/h1>\t\t\t\t<\/div>\n\t\t\t\t<\/div>\n\t\t\t\t<section class=\"elementor-section elementor-inner-section elementor-element elementor-element-3de9f59 elementor-section-boxed elementor-section-height-default elementor-section-height-default\" data-id=\"3de9f59\" data-element_type=\"section\" data-e-type=\"section\">\n\t\t\t\t\t\t<div class=\"elementor-container elementor-column-gap-default\">\n\t\t\t\t\t<div class=\"elementor-column elementor-col-50 elementor-inner-column elementor-element elementor-element-aa88bca\" data-id=\"aa88bca\" data-element_type=\"column\" data-e-type=\"column\">\n\t\t\t<div class=\"elementor-widget-wrap elementor-element-populated\">\n\t\t\t\t\t\t<div class=\"elementor-element elementor-element-d4ce5f9 elementor-widget elementor-widget-text-editor\" data-id=\"d4ce5f9\" data-element_type=\"widget\" data-e-type=\"widget\" data-widget_type=\"text-editor.default\">\n\t\t\t\t<div class=\"elementor-widget-container\">\n\t\t\t\t\t\t\t\t\t<h4><a href=\"https:\/\/stillnessinmovement.org\/hr\/shiatsu\/\">Shiatsu tretmani<\/a><\/h4>\t\t\t\t\t\t\t\t<\/div>\n\t\t\t\t<\/div>\n\t\t\t\t<div class=\"elementor-element elementor-element-90d2dad elementor-widget elementor-widget-text-editor\" data-id=\"90d2dad\" data-element_type=\"widget\" data-e-type=\"widget\" data-widget_type=\"text-editor.default\">\n\t\t\t\t<div class=\"elementor-widget-container\">\n\t\t\t\t\t\t\t\t\t<p>U Shiatsu tretmanu dodirom uspostavljamo komunikaciju s tijelom, pogotovo nesvjesnim aspektom tijela. Opu\u0161tanjem, odnosno uklju\u010divanjem parasimpati\u010dkog moda, radom na meridijanima i op\u0107enito otvaranjem prostora u tijelu omogu\u0107ava se nesmetan protok energije. Shiatsu podr\u017eava tijelo da se samo uravnote\u017ei. Poma\u017ee da postanemo svjesniji vlastitog tijela i podru\u010dja napetosti (bila ona fizi\u010dka, emotivna ili psiholo\u0161ka). Svjesnost o vlastitom tijelu\/tijelu na\u0161ega konja i blokadama koje postoje, omogu\u0107ava nam da kroz razli\u010dite vje\u017ebe, promijene u na\u010dinu \u017eivota i\/ili promjene u prehrani pobolj\u0161amo kvalitetu, a time i zdravlje kako na\u0161ih konja tako i nas samih.\nKonj i jaha\u010d su tim, pa tako neravnote\u017ea jednog \u010dlana \u010desto izaziva neravnote\u017eu kod drugog \u010dlana tima. Tako iz iskustva proizlazi da se najbolji rezultati Shiatsu tretmana na konjima posti\u017eu kada i ljudski \u010dlan tako\u0111er radi na svom psiho fizi\u010dkom zdravlju, bilo kroz Shiatsu tretmane ili neke druge oblike rada na tijelu ili s tijelom.<\/p>\t\t\t\t\t\t\t\t<\/div>\n\t\t\t\t<\/div>\n\t\t\t\t\t<\/div>\n\t\t<\/div>\n\t\t\t\t<div class=\"elementor-column elementor-col-50 elementor-inner-column elementor-element elementor-element-3366467\" data-id=\"3366467\" data-element_type=\"column\" data-e-type=\"column\">\n\t\t\t<div class=\"elementor-widget-wrap elementor-element-populated\">\n\t\t\t\t\t\t<div class=\"elementor-element elementor-element-341ba5a elementor-widget elementor-widget-text-editor\" data-id=\"341ba5a\" data-element_type=\"widget\" data-e-type=\"widget\" data-widget_type=\"text-editor.default\">\n\t\t\t\t<div class=\"elementor-widget-container\">\n\t\t\t\t\t\t\t\t\t<h4><a href=\"https:\/\/stillnessinmovement.org\/hr\/craniosacral-therapy\/\">Kraniosakralna terapija za konje<\/a><\/h4>\t\t\t\t\t\t\t\t<\/div>\n\t\t\t\t<\/div>\n\t\t\t\t<div class=\"elementor-element elementor-element-35ed7ac elementor-widget elementor-widget-text-editor\" data-id=\"35ed7ac\" data-element_type=\"widget\" data-e-type=\"widget\" data-widget_type=\"text-editor.default\">\n\t\t\t\t<div class=\"elementor-widget-container\">\n\t\t\t\t\t\t\t\t\t<p>Kraniosakralna terapija za konje je vrlo nje\u017ena terapija dodirom kojom se osloba\u0111aju napetosti koje se nalaze duboko u tijelu \u2013 poglavito u mekom tkivu koje okru\u017euje centralni \u017eiv\u010dani sustav. Centralni \u017eiv\u010dani sustav koji \u010dine mozak i le\u0111na mo\u017edina je sustav koji najvi\u0161e utje\u010de na normalno funkcioniranje na\u0161eg (i konjskog) tijela i svih njegovih funkcija. \nVe\u0107ina konja najve\u0107i pritisak (stres) do\u017eivljava ba\u0161 na kostima lubanje preko oglavina, ulara, \u017evala\u2026Pritisci na kosti lubanje \u010desto stvaraju potrebu za kompenzacijom u raznim mi\u0161i\u0107ima te tako utje\u010du na cjelokupnu biomehaniku konja.<\/p>\t\t\t\t\t\t\t\t<\/div>\n\t\t\t\t<\/div>\n\t\t\t\t\t<\/div>\n\t\t<\/div>\n\t\t\t\t\t<\/div>\n\t\t<\/section>\n\t\t\t\t\t<\/div>\n\t\t<\/div>\n\t\t\t\t\t<\/div>\n\t\t<\/section>\n\t\t\t\t<section class=\"elementor-section elementor-top-section elementor-element elementor-element-7d71124 elementor-section-boxed elementor-section-height-default elementor-section-height-default\" data-id=\"7d71124\" data-element_type=\"section\" data-e-type=\"section\">\n\t\t\t\t\t\t<div class=\"elementor-container elementor-column-gap-no\">\n\t\t\t\t\t<div class=\"elementor-column elementor-col-100 elementor-top-column elementor-element elementor-element-8b03254\" data-id=\"8b03254\" data-element_type=\"column\" data-e-type=\"column\">\n\t\t\t<div class=\"elementor-widget-wrap elementor-element-populated\">\n\t\t\t\t\t\t<div class=\"elementor-element elementor-element-577ee38 elementor-widget-divider--separator-type-pattern elementor-widget-divider--view-line elementor-widget elementor-widget-divider\" data-id=\"577ee38\" data-element_type=\"widget\" data-e-type=\"widget\" data-widget_type=\"divider.default\">\n\t\t\t\t<div class=\"elementor-widget-container\">\n\t\t\t\t\t\t\t<div class=\"elementor-divider\" style=\"--divider-pattern-url: url(&quot;data:image\/svg+xml,%3Csvg xmlns=&#039;http:\/\/www.w3.org\/2000\/svg&#039; preserveAspectRatio=&#039;none&#039; overflow=&#039;visible&#039; height=&#039;100%&#039; viewBox=&#039;0 0 20 16&#039; fill=&#039;none&#039; stroke=&#039;black&#039; stroke-width=&#039;1&#039; stroke-linecap=&#039;square&#039; stroke-miterlimit=&#039;10&#039;%3E%3Cg transform=&#039;translate(-12.000000, 0)&#039;%3E%3Cpath d=&#039;M28,0L10,18&#039;\/%3E%3Cpath d=&#039;M18,0L0,18&#039;\/%3E%3Cpath d=&#039;M48,0L30,18&#039;\/%3E%3Cpath d=&#039;M38,0L20,18&#039;\/%3E%3C\/g%3E%3C\/svg%3E&quot;);\">\n\t\t\t<span class=\"elementor-divider-separator\">\n\t\t\t\t\t\t<\/span>\n\t\t<\/div>\n\t\t\t\t\t\t<\/div>\n\t\t\t\t<\/div>\n\t\t\t\t<section class=\"elementor-section elementor-inner-section elementor-element elementor-element-ed422bc elementor-section-boxed elementor-section-height-default elementor-section-height-default\" data-id=\"ed422bc\" data-element_type=\"section\" data-e-type=\"section\">\n\t\t\t\t\t\t<div class=\"elementor-container elementor-column-gap-no\">\n\t\t\t\t\t<div class=\"elementor-column elementor-col-50 elementor-inner-column elementor-element elementor-element-d32ab0c\" data-id=\"d32ab0c\" data-element_type=\"column\" data-e-type=\"column\" data-settings=\"{&quot;background_background&quot;:&quot;classic&quot;}\">\n\t\t\t<div class=\"elementor-widget-wrap elementor-element-populated\">\n\t\t\t\t\t\t<div class=\"elementor-element elementor-element-596df1c elementor-widget elementor-widget-text-editor\" data-id=\"596df1c\" data-element_type=\"widget\" data-e-type=\"widget\" data-widget_type=\"text-editor.default\">\n\t\t\t\t<div class=\"elementor-widget-container\">\n\t\t\t\t\t\t\t\t\t<p class=\"translation-block\">Komunikacija i trening konja energijom tijela<\/p>\t\t\t\t\t\t\t\t<\/div>\n\t\t\t\t<\/div>\n\t\t\t\t<div class=\"elementor-element elementor-element-933de44 elementor-widget elementor-widget-text-editor\" data-id=\"933de44\" data-element_type=\"widget\" data-e-type=\"widget\" data-widget_type=\"text-editor.default\">\n\t\t\t\t<div class=\"elementor-widget-container\">\n\t\t\t\t\t\t\t\t\t<p>Dvodnevna radionica<\/p>\t\t\t\t\t\t\t\t<\/div>\n\t\t\t\t<\/div>\n\t\t\t\t<div class=\"elementor-element elementor-element-c0298f4 elementor-widget elementor-widget-text-editor\" data-id=\"c0298f4\" data-element_type=\"widget\" data-e-type=\"widget\" data-widget_type=\"text-editor.default\">\n\t\t\t\t<div class=\"elementor-widget-container\">\n\t\t\t\t\t\t\t\t\t<h5>27-28 studeni 2021<\/h5>\t\t\t\t\t\t\t\t<\/div>\n\t\t\t\t<\/div>\n\t\t\t\t<div class=\"elementor-element elementor-element-5a41617 elementor-widget elementor-widget-text-editor\" data-id=\"5a41617\" data-element_type=\"widget\" data-e-type=\"widget\" data-widget_type=\"text-editor.default\">\n\t\t\t\t<div class=\"elementor-widget-container\">\n\t\t\t\t\t\t\t\t\t<p>Ranch 7 Stables and more<br \/>Istra, Kringa<br \/>Cijena: 2250 kn (300Eur)<\/p><p>Prijava obavezna.<\/p>\t\t\t\t\t\t\t\t<\/div>\n\t\t\t\t<\/div>\n\t\t\t\t\t<\/div>\n\t\t<\/div>\n\t\t\t\t<div class=\"elementor-column elementor-col-50 elementor-inner-column elementor-element elementor-element-c4f2b11\" data-id=\"c4f2b11\" data-element_type=\"column\" data-e-type=\"column\" data-settings=\"{&quot;background_background&quot;:&quot;classic&quot;}\">\n\t\t\t<div class=\"elementor-widget-wrap elementor-element-populated\">\n\t\t\t\t\t\t<div class=\"elementor-element elementor-element-95c4faf elementor-widget elementor-widget-text-editor\" data-id=\"95c4faf\" data-element_type=\"widget\" data-e-type=\"widget\" data-widget_type=\"text-editor.default\">\n\t\t\t\t<div class=\"elementor-widget-container\">\n\t\t\t\t\t\t\t\t\t<h4><a href=\"http:\/\/events\" data-wplink-url-error=\"true\">The School of Equine Shiatsu, Hrvatska<\/a><\/h4>\t\t\t\t\t\t\t\t<\/div>\n\t\t\t\t<\/div>\n\t\t\t\t<div class=\"elementor-element elementor-element-da70dda elementor-widget elementor-widget-text-editor\" data-id=\"da70dda\" data-element_type=\"widget\" data-e-type=\"widget\" data-widget_type=\"text-editor.default\">\n\t\t\t\t<div class=\"elementor-widget-container\">\n\t\t\t\t\t\t\t\t\t<p>Trogodi\u0161nji diplomski studij<br \/>Velja\u010da 2022. \u2013 studeni 2024.<\/p>\t\t\t\t\t\t\t\t<\/div>\n\t\t\t\t<\/div>\n\t\t\t\t<div class=\"elementor-element elementor-element-ff7c8b1 elementor-widget elementor-widget-text-editor\" data-id=\"ff7c8b1\" data-element_type=\"widget\" data-e-type=\"widget\" data-widget_type=\"text-editor.default\">\n\t\t\t\t<div class=\"elementor-widget-container\">\n\t\t\t\t\t\t\t\t\t<p>GDJE? Zagreb<br \/>KOLIKO? 36000kn<\/p><p>Uvjet za upis je zavr\u0161en Uvodni te\u010daj. Broj polaznika je ograni\u010den.<\/p>\t\t\t\t\t\t\t\t<\/div>\n\t\t\t\t<\/div>\n\t\t\t\t\t<\/div>\n\t\t<\/div>\n\t\t\t\t\t<\/div>\n\t\t<\/section>\n\t\t\t\t\t<\/div>\n\t\t<\/div>\n\t\t\t\t\t<\/div>\n\t\t<\/section>\n\t\t\t\t<section class=\"elementor-section elementor-top-section elementor-element elementor-element-f267cf7 elementor-section-boxed elementor-section-height-default elementor-section-height-default\" data-id=\"f267cf7\" data-element_type=\"section\" data-e-type=\"section\">\n\t\t\t\t\t\t<div class=\"elementor-container elementor-column-gap-default\">\n\t\t\t\t\t<div class=\"elementor-column elementor-col-100 elementor-top-column elementor-element elementor-element-19ab09c\" data-id=\"19ab09c\" data-element_type=\"column\" data-e-type=\"column\">\n\t\t\t<div class=\"elementor-widget-wrap\">\n\t\t\t\t\t\t\t<\/div>\n\t\t<\/div>\n\t\t\t\t\t<\/div>\n\t\t<\/section>\n\t\t\t\t<\/div>","protected":false},"excerpt":{"rendered":"<p>inward tranquility in the midst of action Shiatsu Shiatsu works to relax the body and enable unrestricted energy flow. It gives us support to become more aware of our own bodies, of areas of tension, pain or weakness on either physical or emotional levels. This awareness often leads to personal growth and improvement through exercising,&hellip;&nbsp;<a href=\"https:\/\/stillnessinmovement.org\/hr\/\" rel=\"bookmark\">Read More &raquo;<span class=\"screen-reader-text\">Po\u010detna<\/span><\/a><\/p>","protected":false},"author":2,"featured_media":1651,"parent":0,"menu_order":0,"comment_status":"closed","ping_status":"closed","template":"elementor_header_footer","meta":{"neve_meta_sidebar":"","neve_meta_container":"","neve_meta_enable_content_width":"","neve_meta_content_width":0,"neve_meta_title_alignment":"","neve_meta_author_avatar":"","neve_post_elements_order":"","neve_meta_disable_header":"","neve_meta_disable_footer":"","neve_meta_disable_title":"","footnotes":""},"class_list":["post-1713","page","type-page","status-publish","has-post-thumbnail","hentry"],"yoast_head":"<!-- This site is optimized with the Yoast SEO plugin v27.5 - https:\/\/yoast.com\/product\/yoast-seo-wordpress\/ -->\n<title>Home - Stillness in movement<\/title>\n<meta name=\"description\" content=\"Shiatsu for horses, humans and dogs\" \/>\n<meta name=\"robots\" content=\"index, follow, max-snippet:-1, max-image-preview:large, max-video-preview:-1\" \/>\n<link rel=\"canonical\" href=\"https:\/\/stillnessinmovement.org\/hr\/\" \/>\n<meta property=\"og:locale\" content=\"hr_HR\" \/>\n<meta property=\"og:type\" content=\"article\" \/>\n<meta property=\"og:title\" content=\"Home - Stillness in movement\" \/>\n<meta property=\"og:description\" content=\"Shiatsu for horses, humans and dogs\" \/>\n<meta property=\"og:url\" content=\"https:\/\/stillnessinmovement.org\/hr\/\" \/>\n<meta property=\"og:site_name\" content=\"Stillness in movement\" \/>\n<meta property=\"article:modified_time\" content=\"2021-11-11T14:20:03+00:00\" \/>\n<meta property=\"og:image\" content=\"https:\/\/stillnessinmovement.org\/wp-content\/uploads\/2021\/06\/glava-cs-min-scaled.jpg\" \/>\n\t<meta property=\"og:image:width\" content=\"2560\" \/>\n\t<meta property=\"og:image:height\" content=\"1707\" \/>\n\t<meta property=\"og:image:type\" content=\"image\/jpeg\" \/>\n<meta name=\"twitter:card\" content=\"summary_large_image\" \/>\n<meta name=\"twitter:label1\" content=\"Procijenjeno vrijeme \u010ditanja\" \/>\n\t<meta name=\"twitter:data1\" content=\"2 minute\" \/>\n<script type=\"application\/ld+json\" class=\"yoast-schema-graph\">{\"@context\":\"https:\\\/\\\/schema.org\",\"@graph\":[{\"@type\":\"WebPage\",\"@id\":\"https:\\\/\\\/stillnessinmovement.org\\\/\",\"url\":\"https:\\\/\\\/stillnessinmovement.org\\\/\",\"name\":\"Home - Stillness in movement\",\"isPartOf\":{\"@id\":\"https:\\\/\\\/stillnessinmovement.org\\\/#website\"},\"primaryImageOfPage\":{\"@id\":\"https:\\\/\\\/stillnessinmovement.org\\\/#primaryimage\"},\"image\":{\"@id\":\"https:\\\/\\\/stillnessinmovement.org\\\/#primaryimage\"},\"thumbnailUrl\":\"https:\\\/\\\/stillnessinmovement.org\\\/wp-content\\\/uploads\\\/2021\\\/06\\\/glava-cs-min-scaled.jpg\",\"datePublished\":\"2021-06-14T16:11:45+00:00\",\"dateModified\":\"2021-11-11T14:20:03+00:00\",\"description\":\"Shiatsu for horses, humans and dogs\",\"breadcrumb\":{\"@id\":\"https:\\\/\\\/stillnessinmovement.org\\\/#breadcrumb\"},\"inLanguage\":\"hr\",\"potentialAction\":[{\"@type\":\"ReadAction\",\"target\":[\"https:\\\/\\\/stillnessinmovement.org\\\/\"]}]},{\"@type\":\"ImageObject\",\"inLanguage\":\"hr\",\"@id\":\"https:\\\/\\\/stillnessinmovement.org\\\/#primaryimage\",\"url\":\"https:\\\/\\\/stillnessinmovement.org\\\/wp-content\\\/uploads\\\/2021\\\/06\\\/glava-cs-min-scaled.jpg\",\"contentUrl\":\"https:\\\/\\\/stillnessinmovement.org\\\/wp-content\\\/uploads\\\/2021\\\/06\\\/glava-cs-min-scaled.jpg\",\"width\":2560,\"height\":1707},{\"@type\":\"BreadcrumbList\",\"@id\":\"https:\\\/\\\/stillnessinmovement.org\\\/#breadcrumb\",\"itemListElement\":[{\"@type\":\"ListItem\",\"position\":1,\"name\":\"Home\",\"item\":\"https:\\\/\\\/stillnessinmovement.org\\\/\"},{\"@type\":\"ListItem\",\"position\":2,\"name\":\"Home\"}]},{\"@type\":\"WebSite\",\"@id\":\"https:\\\/\\\/stillnessinmovement.org\\\/#website\",\"url\":\"https:\\\/\\\/stillnessinmovement.org\\\/\",\"name\":\"Stillness in movement\",\"description\":\"Shiatsu for horses, humans and dogs\",\"publisher\":{\"@id\":\"https:\\\/\\\/stillnessinmovement.org\\\/#organization\"},\"potentialAction\":[{\"@type\":\"SearchAction\",\"target\":{\"@type\":\"EntryPoint\",\"urlTemplate\":\"https:\\\/\\\/stillnessinmovement.org\\\/?s={search_term_string}\"},\"query-input\":{\"@type\":\"PropertyValueSpecification\",\"valueRequired\":true,\"valueName\":\"search_term_string\"}}],\"inLanguage\":\"hr\"},{\"@type\":\"Organization\",\"@id\":\"https:\\\/\\\/stillnessinmovement.org\\\/#organization\",\"name\":\"Stillness in movement\",\"url\":\"https:\\\/\\\/stillnessinmovement.org\\\/\",\"logo\":{\"@type\":\"ImageObject\",\"inLanguage\":\"hr\",\"@id\":\"https:\\\/\\\/stillnessinmovement.org\\\/#\\\/schema\\\/logo\\\/image\\\/\",\"url\":\"https:\\\/\\\/stillnessinmovement.org\\\/wp-content\\\/uploads\\\/2021\\\/06\\\/stillness_logo_white.png\",\"contentUrl\":\"https:\\\/\\\/stillnessinmovement.org\\\/wp-content\\\/uploads\\\/2021\\\/06\\\/stillness_logo_white.png\",\"width\":3506,\"height\":1211,\"caption\":\"Stillness in movement\"},\"image\":{\"@id\":\"https:\\\/\\\/stillnessinmovement.org\\\/#\\\/schema\\\/logo\\\/image\\\/\"}}]}<\/script>\n<!-- \/ Yoast SEO plugin. -->","yoast_head_json":{"title":"Home - Stillness in movement","description":"Shiatsu for horses, humans and dogs","robots":{"index":"index","follow":"follow","max-snippet":"max-snippet:-1","max-image-preview":"max-image-preview:large","max-video-preview":"max-video-preview:-1"},"canonical":"https:\/\/stillnessinmovement.org\/hr\/","og_locale":"hr_HR","og_type":"article","og_title":"Home - Stillness in movement","og_description":"Shiatsu for horses, humans and dogs","og_url":"https:\/\/stillnessinmovement.org\/hr\/","og_site_name":"Stillness in movement","article_modified_time":"2021-11-11T14:20:03+00:00","og_image":[{"width":2560,"height":1707,"url":"https:\/\/stillnessinmovement.org\/wp-content\/uploads\/2021\/06\/glava-cs-min-scaled.jpg","type":"image\/jpeg"}],"twitter_card":"summary_large_image","twitter_misc":{"Procijenjeno vrijeme \u010ditanja":"2 minute"},"schema":{"@context":"https:\/\/schema.org","@graph":[{"@type":"WebPage","@id":"https:\/\/stillnessinmovement.org\/","url":"https:\/\/stillnessinmovement.org\/","name":"Home - Stillness in movement","isPartOf":{"@id":"https:\/\/stillnessinmovement.org\/#website"},"primaryImageOfPage":{"@id":"https:\/\/stillnessinmovement.org\/#primaryimage"},"image":{"@id":"https:\/\/stillnessinmovement.org\/#primaryimage"},"thumbnailUrl":"https:\/\/stillnessinmovement.org\/wp-content\/uploads\/2021\/06\/glava-cs-min-scaled.jpg","datePublished":"2021-06-14T16:11:45+00:00","dateModified":"2021-11-11T14:20:03+00:00","description":"Shiatsu for horses, humans and dogs","breadcrumb":{"@id":"https:\/\/stillnessinmovement.org\/#breadcrumb"},"inLanguage":"hr","potentialAction":[{"@type":"ReadAction","target":["https:\/\/stillnessinmovement.org\/"]}]},{"@type":"ImageObject","inLanguage":"hr","@id":"https:\/\/stillnessinmovement.org\/#primaryimage","url":"https:\/\/stillnessinmovement.org\/wp-content\/uploads\/2021\/06\/glava-cs-min-scaled.jpg","contentUrl":"https:\/\/stillnessinmovement.org\/wp-content\/uploads\/2021\/06\/glava-cs-min-scaled.jpg","width":2560,"height":1707},{"@type":"BreadcrumbList","@id":"https:\/\/stillnessinmovement.org\/#breadcrumb","itemListElement":[{"@type":"ListItem","position":1,"name":"Home","item":"https:\/\/stillnessinmovement.org\/"},{"@type":"ListItem","position":2,"name":"Home"}]},{"@type":"WebSite","@id":"https:\/\/stillnessinmovement.org\/#website","url":"https:\/\/stillnessinmovement.org\/","name":"Stillness in movement","description":"Shiatsu for horses, humans and dogs","publisher":{"@id":"https:\/\/stillnessinmovement.org\/#organization"},"potentialAction":[{"@type":"SearchAction","target":{"@type":"EntryPoint","urlTemplate":"https:\/\/stillnessinmovement.org\/?s={search_term_string}"},"query-input":{"@type":"PropertyValueSpecification","valueRequired":true,"valueName":"search_term_string"}}],"inLanguage":"hr"},{"@type":"Organization","@id":"https:\/\/stillnessinmovement.org\/#organization","name":"Stillness in movement","url":"https:\/\/stillnessinmovement.org\/","logo":{"@type":"ImageObject","inLanguage":"hr","@id":"https:\/\/stillnessinmovement.org\/#\/schema\/logo\/image\/","url":"https:\/\/stillnessinmovement.org\/wp-content\/uploads\/2021\/06\/stillness_logo_white.png","contentUrl":"https:\/\/stillnessinmovement.org\/wp-content\/uploads\/2021\/06\/stillness_logo_white.png","width":3506,"height":1211,"caption":"Stillness in movement"},"image":{"@id":"https:\/\/stillnessinmovement.org\/#\/schema\/logo\/image\/"}}]}},"_links":{"self":[{"href":"https:\/\/stillnessinmovement.org\/hr\/wp-json\/wp\/v2\/pages\/1713","targetHints":{"allow":["GET"]}}],"collection":[{"href":"https:\/\/stillnessinmovement.org\/hr\/wp-json\/wp\/v2\/pages"}],"about":[{"href":"https:\/\/stillnessinmovement.org\/hr\/wp-json\/wp\/v2\/types\/page"}],"author":[{"embeddable":true,"href":"https:\/\/stillnessinmovement.org\/hr\/wp-json\/wp\/v2\/users\/2"}],"replies":[{"embeddable":true,"href":"https:\/\/stillnessinmovement.org\/hr\/wp-json\/wp\/v2\/comments?post=1713"}],"version-history":[{"count":86,"href":"https:\/\/stillnessinmovement.org\/hr\/wp-json\/wp\/v2\/pages\/1713\/revisions"}],"predecessor-version":[{"id":2253,"href":"https:\/\/stillnessinmovement.org\/hr\/wp-json\/wp\/v2\/pages\/1713\/revisions\/2253"}],"wp:featuredmedia":[{"embeddable":true,"href":"https:\/\/stillnessinmovement.org\/hr\/wp-json\/wp\/v2\/media\/1651"}],"wp:attachment":[{"href":"https:\/\/stillnessinmovement.org\/hr\/wp-json\/wp\/v2\/media?parent=1713"}],"curies":[{"name":"wp","href":"https:\/\/api.w.org\/{rel}","templated":true}]}}