{"id":1705,"date":"2021-06-14T16:07:53","date_gmt":"2021-06-14T16:07:53","guid":{"rendered":"https:\/\/stillnessinmovement.org\/?page_id=1705"},"modified":"2021-06-17T21:28:24","modified_gmt":"2021-06-17T21:28:24","slug":"about","status":"publish","type":"page","link":"https:\/\/stillnessinmovement.org\/hr\/about\/","title":{"rendered":"O meni"},"content":{"rendered":"<div data-elementor-type=\"wp-page\" data-elementor-id=\"1705\" class=\"elementor elementor-1705\">\n\t\t\t\t\t\t<section class=\"elementor-section elementor-top-section elementor-element elementor-element-1c4fdec elementor-section-boxed elementor-section-height-default elementor-section-height-default\" data-id=\"1c4fdec\" data-element_type=\"section\" data-e-type=\"section\" data-settings=\"{&quot;background_background&quot;:&quot;classic&quot;}\">\n\t\t\t\t\t\t<div class=\"elementor-container elementor-column-gap-default\">\n\t\t\t\t\t<div class=\"elementor-column elementor-col-100 elementor-top-column elementor-element elementor-element-1fcb3ac\" data-id=\"1fcb3ac\" data-element_type=\"column\" data-e-type=\"column\">\n\t\t\t<div class=\"elementor-widget-wrap\">\n\t\t\t\t\t\t\t<\/div>\n\t\t<\/div>\n\t\t\t\t\t<\/div>\n\t\t<\/section>\n\t\t\t\t<section class=\"elementor-section elementor-top-section elementor-element elementor-element-2ec7e54a elementor-section-boxed elementor-section-height-default elementor-section-height-default\" data-id=\"2ec7e54a\" data-element_type=\"section\" data-e-type=\"section\">\n\t\t\t\t\t\t<div class=\"elementor-container elementor-column-gap-default\">\n\t\t\t\t\t<div class=\"elementor-column elementor-col-100 elementor-top-column elementor-element elementor-element-7d8d5013\" data-id=\"7d8d5013\" data-element_type=\"column\" data-e-type=\"column\">\n\t\t\t<div class=\"elementor-widget-wrap elementor-element-populated\">\n\t\t\t\t\t\t<div class=\"elementor-element elementor-element-ea7a4d5 elementor-widget elementor-widget-spacer\" data-id=\"ea7a4d5\" data-element_type=\"widget\" data-e-type=\"widget\" data-widget_type=\"spacer.default\">\n\t\t\t\t<div class=\"elementor-widget-container\">\n\t\t\t\t\t\t\t<div class=\"elementor-spacer\">\n\t\t\t<div class=\"elementor-spacer-inner\"><\/div>\n\t\t<\/div>\n\t\t\t\t\t\t<\/div>\n\t\t\t\t<\/div>\n\t\t\t\t<div class=\"elementor-element elementor-element-46a7fdf elementor-widget elementor-widget-heading\" data-id=\"46a7fdf\" data-element_type=\"widget\" data-e-type=\"widget\" data-widget_type=\"heading.default\">\n\t\t\t\t<div class=\"elementor-widget-container\">\n\t\t\t\t\t<h1 class=\"elementor-heading-title elementor-size-default\">Jele<\/h1>\t\t\t\t<\/div>\n\t\t\t\t<\/div>\n\t\t\t\t<div class=\"elementor-element elementor-element-23d271c0 elementor-widget elementor-widget-text-editor\" data-id=\"23d271c0\" data-element_type=\"widget\" data-e-type=\"widget\" data-widget_type=\"text-editor.default\">\n\t\t\t\t<div class=\"elementor-widget-container\">\n\t\t\t\t\t\t\t\t\t<p class=\"translation-block\">Odrasla sam okru\u017eena \u017eivotinjama raznim. Kao mala htjela sam biti kao Dr. Doolittle, ali su mi rekli da za to nema \u0161kole \u2013 pa sam pozavr\u0161avala neke druge \u0161kole. Kada sam se 2014.na\u0161la na Shiatsu tretmanu prva pomisao nakon tretmana je bila: \u201covo bi bilo odli\u010dno za konje!\u201d Uz malo istra\u017eivanja prona\u0161la sam \u0161kolu The School of Equine Shiatsu u Engleskoj koja je kroz godinu\/dvije trebala zapo\u010deti s radom i u Hrvatskoj. I tako \u010dekaju\u0107i da \u0161kola do\u0111e k meni krenula sam na Shiatsu za ljude. Shiatsu \u0161kole za konje u Hrvatskoj sam upisala 2016. te 2019. Tijekom \u0161kole sam nastavila svoju edukaciju za ljude. Osim toga sam 2021. zavr\u0161ila edukaciju za kraniosakralnog terapeuta za konje te nastavljam edukaciju za kranoisakralnog terapeuta za pse.\n\u010clanica sam Tesa-e (Udru\u017eenje Shiatsu prakti\u010dara za konje) od 2016.\n\n\nKroz svoj rad podr\u017eavam konje, ljude i pse da prona\u0111u balans u svome tijelu i umu. Tretmane najvi\u0161e volim raditi sa \u017eivotinjama i njihovim vlasnikom jer tada tretmani imaju najbolji u\u010dinak.<\/p><p><!-- \/wp:paragraph --><\/p>\t\t\t\t\t\t\t\t<\/div>\n\t\t\t\t<\/div>\n\t\t\t\t<div class=\"elementor-element elementor-element-764b52f elementor-widget elementor-widget-spacer\" data-id=\"764b52f\" data-element_type=\"widget\" data-e-type=\"widget\" data-widget_type=\"spacer.default\">\n\t\t\t\t<div class=\"elementor-widget-container\">\n\t\t\t\t\t\t\t<div class=\"elementor-spacer\">\n\t\t\t<div class=\"elementor-spacer-inner\"><\/div>\n\t\t<\/div>\n\t\t\t\t\t\t<\/div>\n\t\t\t\t<\/div>\n\t\t\t\t\t<\/div>\n\t\t<\/div>\n\t\t\t\t\t<\/div>\n\t\t<\/section>\n\t\t\t\t<\/div>","protected":false},"excerpt":{"rendered":"<p>About Jele I have lived with horses, dogs and various other animals all my life. My childhood dream was to become Dr Doolittle \u2013 though there was no school for that &#8211; or so it seemed. In 2014 I had my first Shiatsu treatment and the first thing I thought after the treatment was: \u201cwow,&hellip;&nbsp;<a href=\"https:\/\/stillnessinmovement.org\/hr\/about\/\" rel=\"bookmark\">Read More &raquo;<span class=\"screen-reader-text\">O meni<\/span><\/a><\/p>","protected":false},"author":2,"featured_media":0,"parent":0,"menu_order":0,"comment_status":"closed","ping_status":"closed","template":"elementor_header_footer","meta":{"neve_meta_sidebar":"","neve_meta_container":"","neve_meta_enable_content_width":"","neve_meta_content_width":0,"neve_meta_title_alignment":"","neve_meta_author_avatar":"","neve_post_elements_order":"","neve_meta_disable_header":"","neve_meta_disable_footer":"","neve_meta_disable_title":"","footnotes":""},"class_list":["post-1705","page","type-page","status-publish","hentry"],"yoast_head":"<!-- This site is optimized with the Yoast SEO plugin v27.5 - https:\/\/yoast.com\/product\/yoast-seo-wordpress\/ -->\n<title>About Jele Dominis - Stillness in movement<\/title>\n<meta name=\"description\" content=\"Through my bodywork I am able to support horses, humans and dogs restore balance in their bodies and their minds.\" \/>\n<meta name=\"robots\" content=\"index, follow, max-snippet:-1, max-image-preview:large, max-video-preview:-1\" \/>\n<link rel=\"canonical\" href=\"https:\/\/stillnessinmovement.org\/hr\/about\/\" \/>\n<meta property=\"og:locale\" content=\"hr_HR\" \/>\n<meta property=\"og:type\" content=\"article\" \/>\n<meta property=\"og:title\" content=\"About Jele Dominis - Stillness in movement\" \/>\n<meta property=\"og:description\" content=\"Through my bodywork I am able to support horses, humans and dogs restore balance in their bodies and their minds.\" \/>\n<meta property=\"og:url\" content=\"https:\/\/stillnessinmovement.org\/hr\/about\/\" \/>\n<meta property=\"og:site_name\" content=\"Stillness in movement\" \/>\n<meta property=\"article:modified_time\" content=\"2021-06-17T21:28:24+00:00\" \/>\n<meta name=\"twitter:card\" content=\"summary_large_image\" \/>\n<meta name=\"twitter:label1\" content=\"Procijenjeno vrijeme \u010ditanja\" \/>\n\t<meta name=\"twitter:data1\" content=\"1 minuta\" \/>\n<script type=\"application\/ld+json\" class=\"yoast-schema-graph\">{\"@context\":\"https:\\\/\\\/schema.org\",\"@graph\":[{\"@type\":\"WebPage\",\"@id\":\"https:\\\/\\\/stillnessinmovement.org\\\/about\\\/\",\"url\":\"https:\\\/\\\/stillnessinmovement.org\\\/about\\\/\",\"name\":\"About Jele Dominis - Stillness in movement\",\"isPartOf\":{\"@id\":\"https:\\\/\\\/stillnessinmovement.org\\\/#website\"},\"datePublished\":\"2021-06-14T16:07:53+00:00\",\"dateModified\":\"2021-06-17T21:28:24+00:00\",\"description\":\"Through my bodywork I am able to support horses, humans and dogs restore balance in their bodies and their minds.\",\"breadcrumb\":{\"@id\":\"https:\\\/\\\/stillnessinmovement.org\\\/about\\\/#breadcrumb\"},\"inLanguage\":\"hr\",\"potentialAction\":[{\"@type\":\"ReadAction\",\"target\":[\"https:\\\/\\\/stillnessinmovement.org\\\/about\\\/\"]}]},{\"@type\":\"BreadcrumbList\",\"@id\":\"https:\\\/\\\/stillnessinmovement.org\\\/about\\\/#breadcrumb\",\"itemListElement\":[{\"@type\":\"ListItem\",\"position\":1,\"name\":\"Home\",\"item\":\"https:\\\/\\\/stillnessinmovement.org\\\/\"},{\"@type\":\"ListItem\",\"position\":2,\"name\":\"About\"}]},{\"@type\":\"WebSite\",\"@id\":\"https:\\\/\\\/stillnessinmovement.org\\\/#website\",\"url\":\"https:\\\/\\\/stillnessinmovement.org\\\/\",\"name\":\"Stillness in movement\",\"description\":\"Shiatsu for horses, humans and dogs\",\"publisher\":{\"@id\":\"https:\\\/\\\/stillnessinmovement.org\\\/#organization\"},\"potentialAction\":[{\"@type\":\"SearchAction\",\"target\":{\"@type\":\"EntryPoint\",\"urlTemplate\":\"https:\\\/\\\/stillnessinmovement.org\\\/?s={search_term_string}\"},\"query-input\":{\"@type\":\"PropertyValueSpecification\",\"valueRequired\":true,\"valueName\":\"search_term_string\"}}],\"inLanguage\":\"hr\"},{\"@type\":\"Organization\",\"@id\":\"https:\\\/\\\/stillnessinmovement.org\\\/#organization\",\"name\":\"Stillness in movement\",\"url\":\"https:\\\/\\\/stillnessinmovement.org\\\/\",\"logo\":{\"@type\":\"ImageObject\",\"inLanguage\":\"hr\",\"@id\":\"https:\\\/\\\/stillnessinmovement.org\\\/#\\\/schema\\\/logo\\\/image\\\/\",\"url\":\"https:\\\/\\\/stillnessinmovement.org\\\/wp-content\\\/uploads\\\/2021\\\/06\\\/stillness_logo_white.png\",\"contentUrl\":\"https:\\\/\\\/stillnessinmovement.org\\\/wp-content\\\/uploads\\\/2021\\\/06\\\/stillness_logo_white.png\",\"width\":3506,\"height\":1211,\"caption\":\"Stillness in movement\"},\"image\":{\"@id\":\"https:\\\/\\\/stillnessinmovement.org\\\/#\\\/schema\\\/logo\\\/image\\\/\"}}]}<\/script>\n<!-- \/ Yoast SEO plugin. -->","yoast_head_json":{"title":"About Jele Dominis - Stillness in movement","description":"Through my bodywork I am able to support horses, humans and dogs restore balance in their bodies and their minds.","robots":{"index":"index","follow":"follow","max-snippet":"max-snippet:-1","max-image-preview":"max-image-preview:large","max-video-preview":"max-video-preview:-1"},"canonical":"https:\/\/stillnessinmovement.org\/hr\/about\/","og_locale":"hr_HR","og_type":"article","og_title":"About Jele Dominis - Stillness in movement","og_description":"Through my bodywork I am able to support horses, humans and dogs restore balance in their bodies and their minds.","og_url":"https:\/\/stillnessinmovement.org\/hr\/about\/","og_site_name":"Stillness in movement","article_modified_time":"2021-06-17T21:28:24+00:00","twitter_card":"summary_large_image","twitter_misc":{"Procijenjeno vrijeme \u010ditanja":"1 minuta"},"schema":{"@context":"https:\/\/schema.org","@graph":[{"@type":"WebPage","@id":"https:\/\/stillnessinmovement.org\/about\/","url":"https:\/\/stillnessinmovement.org\/about\/","name":"About Jele Dominis - Stillness in movement","isPartOf":{"@id":"https:\/\/stillnessinmovement.org\/#website"},"datePublished":"2021-06-14T16:07:53+00:00","dateModified":"2021-06-17T21:28:24+00:00","description":"Through my bodywork I am able to support horses, humans and dogs restore balance in their bodies and their minds.","breadcrumb":{"@id":"https:\/\/stillnessinmovement.org\/about\/#breadcrumb"},"inLanguage":"hr","potentialAction":[{"@type":"ReadAction","target":["https:\/\/stillnessinmovement.org\/about\/"]}]},{"@type":"BreadcrumbList","@id":"https:\/\/stillnessinmovement.org\/about\/#breadcrumb","itemListElement":[{"@type":"ListItem","position":1,"name":"Home","item":"https:\/\/stillnessinmovement.org\/"},{"@type":"ListItem","position":2,"name":"About"}]},{"@type":"WebSite","@id":"https:\/\/stillnessinmovement.org\/#website","url":"https:\/\/stillnessinmovement.org\/","name":"Stillness in movement","description":"Shiatsu for horses, humans and dogs","publisher":{"@id":"https:\/\/stillnessinmovement.org\/#organization"},"potentialAction":[{"@type":"SearchAction","target":{"@type":"EntryPoint","urlTemplate":"https:\/\/stillnessinmovement.org\/?s={search_term_string}"},"query-input":{"@type":"PropertyValueSpecification","valueRequired":true,"valueName":"search_term_string"}}],"inLanguage":"hr"},{"@type":"Organization","@id":"https:\/\/stillnessinmovement.org\/#organization","name":"Stillness in movement","url":"https:\/\/stillnessinmovement.org\/","logo":{"@type":"ImageObject","inLanguage":"hr","@id":"https:\/\/stillnessinmovement.org\/#\/schema\/logo\/image\/","url":"https:\/\/stillnessinmovement.org\/wp-content\/uploads\/2021\/06\/stillness_logo_white.png","contentUrl":"https:\/\/stillnessinmovement.org\/wp-content\/uploads\/2021\/06\/stillness_logo_white.png","width":3506,"height":1211,"caption":"Stillness in movement"},"image":{"@id":"https:\/\/stillnessinmovement.org\/#\/schema\/logo\/image\/"}}]}},"_links":{"self":[{"href":"https:\/\/stillnessinmovement.org\/hr\/wp-json\/wp\/v2\/pages\/1705","targetHints":{"allow":["GET"]}}],"collection":[{"href":"https:\/\/stillnessinmovement.org\/hr\/wp-json\/wp\/v2\/pages"}],"about":[{"href":"https:\/\/stillnessinmovement.org\/hr\/wp-json\/wp\/v2\/types\/page"}],"author":[{"embeddable":true,"href":"https:\/\/stillnessinmovement.org\/hr\/wp-json\/wp\/v2\/users\/2"}],"replies":[{"embeddable":true,"href":"https:\/\/stillnessinmovement.org\/hr\/wp-json\/wp\/v2\/comments?post=1705"}],"version-history":[{"count":33,"href":"https:\/\/stillnessinmovement.org\/hr\/wp-json\/wp\/v2\/pages\/1705\/revisions"}],"predecessor-version":[{"id":2096,"href":"https:\/\/stillnessinmovement.org\/hr\/wp-json\/wp\/v2\/pages\/1705\/revisions\/2096"}],"wp:attachment":[{"href":"https:\/\/stillnessinmovement.org\/hr\/wp-json\/wp\/v2\/media?parent=1705"}],"curies":[{"name":"wp","href":"https:\/\/api.w.org\/{rel}","templated":true}]}}